{"id":5,"date":"2020-05-24T20:00:06","date_gmt":"2020-05-24T20:00:06","guid":{"rendered":"http:\/\/oldtimer-bocholt.de\/?page_id=5"},"modified":"2020-06-11T11:49:38","modified_gmt":"2020-06-11T11:49:38","slug":"home-2","status":"publish","type":"page","link":"https:\/\/oldtimer-bocholt.de\/","title":{"rendered":"Home"},"content":{"rendered":"\n\t\t\t\t<a href=\"http:\/\/oldtimer-bocholt.de\" target=\"_self\" itemprop=\"url\" rel=\"noopener noreferrer\">\n\t\t\t\t<img fetchpriority=\"high\" decoding=\"async\" src=\"http:\/\/oldtimer-bocholt.de\/wp-content\/uploads\/2020\/05\/Oldtimer-Bocholt-2.png\" alt=\"Oldtimer Bocholt (2)\" itemprop=\"image\" height=\"500\" width=\"500\" title=\"Oldtimer Bocholt (2)\" onerror=\"this.style.display='none'\"  \/>\n\t\t\t\t<\/a>\n\t<h1>\n\t\t\t\t\tOldtimer mit Chauffeur\n\t\t\t\t<\/h1>\n\t<h2>\n\t\t\t\t\tMache Deinen Tag unvergesslich und genie\u00dfe eine stilvolle Fahrt\n\t\t\t\t<\/h2>\n\t\t\t<a href=\"?page_id=632\" target=\"_self\" role=\"button\" rel=\"noopener noreferrer\">\n\t\t\t\t\t\toldtimer anfragen\n\t\t<\/a>\n\t<h2>\n\t\t\t\t\tWarum Oldtimer-Bocholt?\n\t\t\t\t<\/h2>\n\t\t\t<p>Es ist uns wichtig, an Ihrem unvergesslichen Tag alles perfekt zu gestalten!<\/p>\t\t\n\t<ul>\n\t\t<li>\t\t\n\t\t\t\t<img decoding=\"async\" src=\"\" alt=\"\" itemprop=\"image\"\/>\n\t\t<h4>Begeisternd<\/h4 ><p>Es handelt sich um einen Ford Mercury Cougar XR7 aus dem Jahr 1973 mit einem V8 Motor und 5,7 Liter Hubraum.\u00a0<\/p><\/li><li>\t\t\n\t\t\t\t<img decoding=\"async\" src=\"\" alt=\"\" itemprop=\"image\"\/>\n\t\t<h4>Seri\u00f6s<\/h4 ><p>Wir fahren f\u00fcr einen guten Zweck. Die Erl\u00f6se werden von uns an verschiedene Projekte in Bocholt gespendet. Eine Aufstellung der Spenden wird hier dann jeweils ver\u00f6ffentlicht.<\/p><\/li><li>\t\t\n\t\t\t\t<img decoding=\"async\" src=\"\" alt=\"\" itemprop=\"image\"\/>\n\t\t<h4>Kompetent<\/h4 ><p>Sprechen Sie uns bei Interesse einfach an. Wir werden Ihnen auch bei individuellen Anliegen helfen und W\u00fcnsche erm\u00f6glichen, so lange es das Wetter zul\u00e4sst.\u00a0<\/p><\/li>\t<\/ul>\n\t\t\t\t<img decoding=\"async\" src=\"http:\/\/oldtimer-bocholt.de\/wp-content\/uploads\/2020\/05\/IMG-20200524-WA0019.jpg\" alt=\"IMG-20200524-WA0019\" itemprop=\"image\"\/>\n\t\t\t\t<img decoding=\"async\" src=\"http:\/\/oldtimer-bocholt.de\/wp-content\/uploads\/2020\/05\/IMG-20200524-WA0013.jpg\" alt=\"IMG-20200524-WA0013\" itemprop=\"image\"\/>\n\t\t\t\t<img decoding=\"async\" src=\"http:\/\/oldtimer-bocholt.de\/wp-content\/uploads\/2020\/05\/IMG-20200524-WA0009.jpg\" alt=\"IMG-20200524-WA0009\" itemprop=\"image\"\/>\n\t\t\t\t<img decoding=\"async\" src=\"http:\/\/oldtimer-bocholt.de\/wp-content\/uploads\/2020\/05\/IMG-20200524-WA0010.jpg\" alt=\"IMG-20200524-WA0010\" itemprop=\"image\"\/>\n\t\t\t\t<img decoding=\"async\" src=\"http:\/\/oldtimer-bocholt.de\/wp-content\/uploads\/2020\/05\/IMG-20200524-WA0018.jpg\" alt=\"IMG-20200524-WA0018\" itemprop=\"image\"\/>\n\t\t\t\t<img decoding=\"async\" src=\"http:\/\/oldtimer-bocholt.de\/wp-content\/uploads\/2020\/05\/IMG-20200524-WA0020.jpg\" alt=\"IMG-20200524-WA0020\" itemprop=\"image\"\/>\n\t\t\t\t<img decoding=\"async\" src=\"http:\/\/oldtimer-bocholt.de\/wp-content\/uploads\/2020\/05\/IMG-20200524-WA0017.jpg\" alt=\"IMG-20200524-WA0017\" itemprop=\"image\"\/>\n\t\t\t\t<img decoding=\"async\" src=\"http:\/\/oldtimer-bocholt.de\/wp-content\/uploads\/2020\/05\/IMG-20200524-WA0006.jpg\" alt=\"IMG-20200524-WA0006\" itemprop=\"image\"\/>\n\t<h2>\n\t\t\t\t\tZu welchen Anl\u00e4ssen lohnt sich unser Service?\n\t\t\t\t<\/h2>\n\t\t\t<p>Unser Service ist sehr flexibel, somit ist Ihren W\u00fcnschen keinerlei Grenzen gesetzt.\u00a0\u00a0<\/p>\t\t\n\t<ul>\n\t\t<li>\t\t\n\t\t\t\t<img decoding=\"async\" src=\"\" alt=\"\" itemprop=\"image\"\/>\n\t\t<h4>Traumhafte Hochzeiten<\/h4 ><p>Fahrten zum Standesamt und zu kirchlichen Trauungen.<\/p><\/li><li>\t\t\n\t\t\t\t<img decoding=\"async\" src=\"\" alt=\"\" itemprop=\"image\"\/>\n\t\t<h4>Unvergessliche Geburtstage<\/h4 ><p>Jubilare wie z. B. Goldhochzeiten elegant gestalten.<\/p><\/li><li>\t\t\n\t\t\t\t<img decoding=\"async\" src=\"\" alt=\"\" itemprop=\"image\"\/>\n\t\t<h4>Romantische Ausfl\u00fcge<\/h4 ><p>\u00dcberraschen Sie Ihre(n) liebste(n) mal anders, mit einer sch\u00f6nen Fahrt zum Restaurant.<\/p><\/li>\t<\/ul>\n\t\t\t<a href=\"?page_id=632\" target=\"_self\" role=\"button\" rel=\"noopener noreferrer\">\n\t\t\t\t\t\toldtimer anfragen\n\t\t<\/a>\n\t<h2>\n\t\t\t\t\tUnsere Geschichte\n\t\t\t\t<\/h2>\n\t<h3>\n\t\t\t\t\tMichael Czichon\n\t\t\t\t<\/h3>\n\t\t\t<p>Der langersehnte Wunsch zum Oldtimer ist endlich in Erf\u00fcllung gegangen. Die Lust und Leidenschaft zum Fahren liegen im Blut. Vollzeit berufst\u00e4tig, nebenberuflich Taxifahrer, leidenschaftlicher Familienvater und Hobbyg\u00e4rtner, und nun mehr als begeistert mit einer neuen Freizeitbesch\u00e4ftigung Oldtimer.<\/p>\t\t\n\t<h3>\n\t\t\t\t\tDaniel Kleffner\n\t\t\t\t<\/h3>\n\t\t\t<p>Die Auszeit mit dem Oldtimer, die frische Luft, das Wetter genie\u00dfen, das entspannte Fahren ist genau das Richtige f\u00fcr mich. Vollzeit berufst\u00e4tig, und von Michael mit der Idee zum Oldtimer &#8222;angesteckt&#8220;.<\/p>\t\t\n","protected":false},"excerpt":{"rendered":"<p>Mark &#038; Sally Save the Date August 28th 2017 Our Story Mark Walker Mauris blandit aliquet elit, eget tincidunt nibh pulvinar a. Donec sollicitudin molestie malesuada. Curabitur arcu erat, accumsan id imperdiet et, porttitor at sem. Donec sollicitudin molestie malesuada. Cras ultricies ligula sed magna dictum porta. Quisque velit nisi, pretium ut lacinia in, elementum &hellip;<\/p>\n<p class=\"read-more\"> <a class=\"\" href=\"https:\/\/websitedemos.net\/wedding-01\/\"> <span class=\"screen-reader-text\">Home<\/span> Read More &raquo;<\/a><\/p>\n","protected":false},"author":1,"featured_media":0,"parent":0,"menu_order":0,"comment_status":"closed","ping_status":"closed","template":"","meta":{"site-sidebar-layout":"no-sidebar","site-content-layout":"page-builder","ast-site-content-layout":"default","site-content-style":"default","site-sidebar-style":"default","ast-global-header-display":"","ast-banner-title-visibility":"","ast-main-header-display":"disabled","ast-hfb-above-header-display":"","ast-hfb-below-header-display":"","ast-hfb-mobile-header-display":"","site-post-title":"disabled","ast-breadcrumbs-content":"","ast-featured-img":"disabled","footer-sml-layout":"","ast-disable-related-posts":"","theme-transparent-header-meta":"default","adv-header-id-meta":"","stick-header-meta":"","header-above-stick-meta":"","header-main-stick-meta":"","header-below-stick-meta":"","astra-migrate-meta-layouts":"default","ast-page-background-enabled":"default","ast-page-background-meta":{"desktop":{"background-color":"","background-image":"","background-repeat":"repeat","background-position":"center center","background-size":"auto","background-attachment":"scroll","background-type":"","background-media":"","overlay-type":"","overlay-color":"","overlay-opacity":"","overlay-gradient":""},"tablet":{"background-color":"","background-image":"","background-repeat":"repeat","background-position":"center center","background-size":"auto","background-attachment":"scroll","background-type":"","background-media":"","overlay-type":"","overlay-color":"","overlay-opacity":"","overlay-gradient":""},"mobile":{"background-color":"","background-image":"","background-repeat":"repeat","background-position":"center center","background-size":"auto","background-attachment":"scroll","background-type":"","background-media":"","overlay-type":"","overlay-color":"","overlay-opacity":"","overlay-gradient":""}},"ast-content-background-meta":{"desktop":{"background-color":"var(--ast-global-color-5)","background-image":"","background-repeat":"repeat","background-position":"center center","background-size":"auto","background-attachment":"scroll","background-type":"","background-media":"","overlay-type":"","overlay-color":"","overlay-opacity":"","overlay-gradient":""},"tablet":{"background-color":"var(--ast-global-color-5)","background-image":"","background-repeat":"repeat","background-position":"center center","background-size":"auto","background-attachment":"scroll","background-type":"","background-media":"","overlay-type":"","overlay-color":"","overlay-opacity":"","overlay-gradient":""},"mobile":{"background-color":"var(--ast-global-color-5)","background-image":"","background-repeat":"repeat","background-position":"center center","background-size":"auto","background-attachment":"scroll","background-type":"","background-media":"","overlay-type":"","overlay-color":"","overlay-opacity":"","overlay-gradient":""}},"footnotes":""},"class_list":["post-5","page","type-page","status-publish","hentry"],"_links":{"self":[{"href":"https:\/\/oldtimer-bocholt.de\/index.php?rest_route=\/wp\/v2\/pages\/5","targetHints":{"allow":["GET"]}}],"collection":[{"href":"https:\/\/oldtimer-bocholt.de\/index.php?rest_route=\/wp\/v2\/pages"}],"about":[{"href":"https:\/\/oldtimer-bocholt.de\/index.php?rest_route=\/wp\/v2\/types\/page"}],"author":[{"embeddable":true,"href":"https:\/\/oldtimer-bocholt.de\/index.php?rest_route=\/wp\/v2\/users\/1"}],"replies":[{"embeddable":true,"href":"https:\/\/oldtimer-bocholt.de\/index.php?rest_route=%2Fwp%2Fv2%2Fcomments&post=5"}],"version-history":[{"count":17,"href":"https:\/\/oldtimer-bocholt.de\/index.php?rest_route=\/wp\/v2\/pages\/5\/revisions"}],"predecessor-version":[{"id":662,"href":"https:\/\/oldtimer-bocholt.de\/index.php?rest_route=\/wp\/v2\/pages\/5\/revisions\/662"}],"wp:attachment":[{"href":"https:\/\/oldtimer-bocholt.de\/index.php?rest_route=%2Fwp%2Fv2%2Fmedia&parent=5"}],"curies":[{"name":"wp","href":"https:\/\/api.w.org\/{rel}","templated":true}]}}